{"id":322,"date":"2024-04-03T12:03:46","date_gmt":"2024-04-03T10:03:46","guid":{"rendered":"http:\/\/libelle-lebensberatung.de\/?page_id=322"},"modified":"2024-10-15T11:05:56","modified_gmt":"2024-10-15T09:05:56","slug":"beratung","status":"publish","type":"page","link":"http:\/\/libelle-lebensberatung.de\/willkommen\/beratung\/","title":{"rendered":"Psychologische Beratung"},"content":{"rendered":"\n<p><\/p>\n\n\n\n<div class=\"wp-block-media-text is-stacked-on-mobile is-vertically-aligned-top\" style=\"grid-template-columns:29% auto\"><figure class=\"wp-block-media-text__media\"><img loading=\"lazy\" decoding=\"async\" width=\"972\" height=\"1024\" src=\"http:\/\/libelle-lebensberatung.de\/wp-content\/uploads\/2024\/07\/arrangement-optimism-concept-with-flowers-BY-FREEPIK-972x1024.jpg\" alt=\"\" class=\"wp-image-612 size-full\" srcset=\"http:\/\/libelle-lebensberatung.de\/wp-content\/uploads\/2024\/07\/arrangement-optimism-concept-with-flowers-BY-FREEPIK-972x1024.jpg 972w, http:\/\/libelle-lebensberatung.de\/wp-content\/uploads\/2024\/07\/arrangement-optimism-concept-with-flowers-BY-FREEPIK-285x300.jpg 285w, http:\/\/libelle-lebensberatung.de\/wp-content\/uploads\/2024\/07\/arrangement-optimism-concept-with-flowers-BY-FREEPIK-768x809.jpg 768w, http:\/\/libelle-lebensberatung.de\/wp-content\/uploads\/2024\/07\/arrangement-optimism-concept-with-flowers-BY-FREEPIK-1458x1536.jpg 1458w, http:\/\/libelle-lebensberatung.de\/wp-content\/uploads\/2024\/07\/arrangement-optimism-concept-with-flowers-BY-FREEPIK.jpg 1824w\" sizes=\"auto, (max-width: 972px) 100vw, 972px\" \/><\/figure><div class=\"wp-block-media-text__content\">\n<p class=\"block-visibility-hide-large-screen block-visibility-hide-medium-screen\"><\/p>\n\n\n\n<p>Psychologische Beratung bietet Hilfestellungen bei konkreten Lebensproblemen. Das k\u00f6nnen Beziehungsprobleme sein, Trennungen, Scheidungen, Erziehungsprobleme, Probleme im Beruf,&nbsp;Work-Life-Balance oder anderen Lebensfragen.<\/p>\n\n\n\n<p>Psychologische Beratung bietet psychologische Ma\u00dfnahmen und T\u00e4tigkeiten, die der Aufarbeitung und \u00dcberwindung von Konflikten dienen. Dabei steht die Hilfe zur Selbsthilfe im Vordergrund.<\/p>\n\n\n\n<p>Durch die F\u00f6rderung psychischer Kompetenz, Handlungskompetenz und Aktivierung vorhandener oder neuer Ressourcen erh\u00e4lt der Klient die M\u00f6glichkeit, bewusster und reflektierter in den unterschiedlichen Lebenssituationen zu handeln.<\/p>\n\n\n\n<p>Konflikte verstehen, L\u00f6sungswege erkennen und umsetzen, k\u00f6nnen ein wichtiger Aspekt sein, ebenso wie vorbeugende Handlungsoptionen gegen den Abbau der eigenen Kraftreserven<em>.<\/em> Das ist auch ein zeitlicher Prozess.\u00a0 Die Umsetzung der Inhalte braucht die aktive Mitarbeit des Klienten. Diese ist dabei Voraussetzung!<\/p>\n\n\n\n<p>Psychologische Beratung ist keine psychologische Therapie oder Heilbehandlung und kann Psychotherapie nicht ersetzen. Der Klient \u00fcbernimmt im privaten wie beruflichen Leben eigenverantwortlich seine Entscheidungen und Handlungen.&nbsp; &nbsp;&nbsp;&nbsp;<\/p>\n\n\n\n<p>Psychologische Beratung ist eine Privatleistung und wird daher nicht von den Krankenkassen \u00fcbernommen.<\/p>\n\n\n\n<p><strong>Honorargeb\u00fchr \/ Ausfallgeb\u00fchr<\/strong><\/p>\n\n\n\n<ul class=\"wp-block-list\">\n<li>Erstgespr\u00e4ch Einzelberatung &#8211; 50 Minuten: 80,- Euro&nbsp;<\/li>\n\n\n\n<li>Erstgespr\u00e4ch Paarberatung &#8211; 50 Minuten: 95,- Euro<\/li>\n<\/ul>\n\n\n\n<p>(Gesamtsituation besprechen und die Schwerpunktthemen herausfinden)<\/p>\n\n\n\n<ul class=\"wp-block-list\">\n<li>Weitere Einzeltermine 50 Minuten 80,- Euro, bei Paarberatung 95,- Euro<\/li>\n<\/ul>\n\n\n\n<details class=\"wp-block-details is-layout-flow wp-block-details-is-layout-flow\"><summary>Mehr zum Honorar&#8230;<\/summary>\n<ul class=\"wp-block-list\">\n<li><em>Die Honorargeb\u00fchr ist jeweils vor der Sitzung, sp\u00e4testens unmittelbar nach der Sitzung in bar zu leisten.<\/em><\/li>\n\n\n\n<li><em>Sie erhalten eine Rechnung\/ Quittung. Es besteht keine Mehrwertsteuerpflicht, und diese wird deswegen auch nicht ausgewiesen.<\/em><\/li>\n\n\n\n<li><em>Es handelt sich um eine Privatleistung und kann daher nicht \u00fcber die Krankenkasse abgerechnet werden.<\/em><\/li>\n\n\n\n<li><em>Ausfallgeb\u00fchr: Terminabsagen des Klienten sind sp\u00e4testens 24 Stunden vorher mitzuteilen, damit der Termin noch vergeben werden kann. Sonst sind die Honorargeb\u00fchren im vollen Umfang zu bezahlen.<\/em><\/li>\n<\/ul>\n<\/details>\n\n\n\n<div class=\"wp-block-group\"><div class=\"wp-block-group__inner-container is-layout-constrained wp-block-group-is-layout-constrained\">\n<p><\/p>\n<\/div><\/div>\n<\/div><\/div>\n","protected":false},"excerpt":{"rendered":"","protected":false},"author":1,"featured_media":0,"parent":0,"menu_order":0,"comment_status":"closed","ping_status":"closed","template":"","meta":{"ocean_post_layout":"","ocean_both_sidebars_style":"","ocean_both_sidebars_content_width":0,"ocean_both_sidebars_sidebars_width":0,"ocean_sidebar":"","ocean_second_sidebar":"","ocean_disable_margins":"enable","ocean_add_body_class":"","ocean_shortcode_before_top_bar":"","ocean_shortcode_after_top_bar":"","ocean_shortcode_before_header":"","ocean_shortcode_after_header":"","ocean_has_shortcode":"","ocean_shortcode_after_title":"","ocean_shortcode_before_footer_widgets":"","ocean_shortcode_after_footer_widgets":"","ocean_shortcode_before_footer_bottom":"","ocean_shortcode_after_footer_bottom":"","ocean_display_top_bar":"default","ocean_display_header":"default","ocean_header_style":"","ocean_center_header_left_menu":"","ocean_custom_header_template":"","ocean_custom_logo":0,"ocean_custom_retina_logo":0,"ocean_custom_logo_max_width":0,"ocean_custom_logo_tablet_max_width":0,"ocean_custom_logo_mobile_max_width":0,"ocean_custom_logo_max_height":0,"ocean_custom_logo_tablet_max_height":0,"ocean_custom_logo_mobile_max_height":0,"ocean_header_custom_menu":"","ocean_menu_typo_font_family":"","ocean_menu_typo_font_subset":"","ocean_menu_typo_font_size":0,"ocean_menu_typo_font_size_tablet":0,"ocean_menu_typo_font_size_mobile":0,"ocean_menu_typo_font_size_unit":"px","ocean_menu_typo_font_weight":"","ocean_menu_typo_font_weight_tablet":"","ocean_menu_typo_font_weight_mobile":"","ocean_menu_typo_transform":"","ocean_menu_typo_transform_tablet":"","ocean_menu_typo_transform_mobile":"","ocean_menu_typo_line_height":0,"ocean_menu_typo_line_height_tablet":0,"ocean_menu_typo_line_height_mobile":0,"ocean_menu_typo_line_height_unit":"","ocean_menu_typo_spacing":0,"ocean_menu_typo_spacing_tablet":0,"ocean_menu_typo_spacing_mobile":0,"ocean_menu_typo_spacing_unit":"","ocean_menu_link_color":"","ocean_menu_link_color_hover":"","ocean_menu_link_color_active":"","ocean_menu_link_background":"","ocean_menu_link_hover_background":"","ocean_menu_link_active_background":"","ocean_menu_social_links_bg":"","ocean_menu_social_hover_links_bg":"","ocean_menu_social_links_color":"","ocean_menu_social_hover_links_color":"","ocean_disable_title":"default","ocean_disable_heading":"default","ocean_post_title":"","ocean_post_subheading":"","ocean_post_title_style":"","ocean_post_title_background_color":"","ocean_post_title_background":0,"ocean_post_title_bg_image_position":"","ocean_post_title_bg_image_attachment":"","ocean_post_title_bg_image_repeat":"","ocean_post_title_bg_image_size":"","ocean_post_title_height":0,"ocean_post_title_bg_overlay":0.5,"ocean_post_title_bg_overlay_color":"","ocean_disable_breadcrumbs":"default","ocean_breadcrumbs_color":"","ocean_breadcrumbs_separator_color":"","ocean_breadcrumbs_links_color":"","ocean_breadcrumbs_links_hover_color":"","ocean_display_footer_widgets":"default","ocean_display_footer_bottom":"default","ocean_custom_footer_template":"","footnotes":""},"class_list":["post-322","page","type-page","status-publish","hentry","entry"],"_links":{"self":[{"href":"http:\/\/libelle-lebensberatung.de\/willkommen\/wp-json\/wp\/v2\/pages\/322","targetHints":{"allow":["GET"]}}],"collection":[{"href":"http:\/\/libelle-lebensberatung.de\/willkommen\/wp-json\/wp\/v2\/pages"}],"about":[{"href":"http:\/\/libelle-lebensberatung.de\/willkommen\/wp-json\/wp\/v2\/types\/page"}],"author":[{"embeddable":true,"href":"http:\/\/libelle-lebensberatung.de\/willkommen\/wp-json\/wp\/v2\/users\/1"}],"replies":[{"embeddable":true,"href":"http:\/\/libelle-lebensberatung.de\/willkommen\/wp-json\/wp\/v2\/comments?post=322"}],"version-history":[{"count":10,"href":"http:\/\/libelle-lebensberatung.de\/willkommen\/wp-json\/wp\/v2\/pages\/322\/revisions"}],"predecessor-version":[{"id":616,"href":"http:\/\/libelle-lebensberatung.de\/willkommen\/wp-json\/wp\/v2\/pages\/322\/revisions\/616"}],"wp:attachment":[{"href":"http:\/\/libelle-lebensberatung.de\/willkommen\/wp-json\/wp\/v2\/media?parent=322"}],"curies":[{"name":"wp","href":"https:\/\/api.w.org\/{rel}","templated":true}]}}