{"id":324,"date":"2024-04-03T12:04:54","date_gmt":"2024-04-03T10:04:54","guid":{"rendered":"http:\/\/libelle-lebensberatung.de\/?page_id=324"},"modified":"2024-07-16T11:38:24","modified_gmt":"2024-07-16T09:38:24","slug":"coaching","status":"publish","type":"page","link":"http:\/\/libelle-lebensberatung.de\/willkommen\/coaching\/","title":{"rendered":"Systemisches Coaching"},"content":{"rendered":"\n<p><\/p>\n\n\n\n<div class=\"wp-block-media-text is-stacked-on-mobile is-vertically-aligned-top\" style=\"grid-template-columns:34% auto\"><figure class=\"wp-block-media-text__media\"><img loading=\"lazy\" decoding=\"async\" width=\"1024\" height=\"610\" src=\"http:\/\/libelle-lebensberatung.de\/wp-content\/uploads\/2024\/07\/2879242-2-1024x610.jpg\" alt=\"\" class=\"wp-image-607 size-full\" srcset=\"http:\/\/libelle-lebensberatung.de\/wp-content\/uploads\/2024\/07\/2879242-2-1024x610.jpg 1024w, http:\/\/libelle-lebensberatung.de\/wp-content\/uploads\/2024\/07\/2879242-2-300x179.jpg 300w, http:\/\/libelle-lebensberatung.de\/wp-content\/uploads\/2024\/07\/2879242-2-768x458.jpg 768w, http:\/\/libelle-lebensberatung.de\/wp-content\/uploads\/2024\/07\/2879242-2-1536x915.jpg 1536w, http:\/\/libelle-lebensberatung.de\/wp-content\/uploads\/2024\/07\/2879242-2-2048x1220.jpg 2048w\" sizes=\"auto, (max-width: 1024px) 100vw, 1024px\" \/><\/figure><div class=\"wp-block-media-text__content\">\n<p class=\"block-visibility-hide-large-screen block-visibility-hide-medium-screen\"><\/p>\n\n\n\n<p>Das systemische Coaching bietet, wie psychologische Beratung, Hilfestellungen bei konkreten Lebensproblemen an.<\/p>\n\n\n\n<p>Hier liegt der Schwerpunkt jedoch auf der beruflichen Ebene. Wie kann ich mich besser darstellen? Wie kann ich sicher auftreten und meine Stimme gut klingen lassen? Wie halte ich sicher einen Vortrag? Wie mit meinen Kollegen und Mitarbeitern meine Ziele umsetzen? Warum kommt es immer wieder zu Missverst\u00e4ndnissen und Konflikten?&nbsp;<\/p>\n\n\n\n<p>Das systemische Coaching bietet dem Klienten die F\u00f6rderung psychischer Kompetenz, Handlungskompetenz und Aktivierung vorhandener oder neuer Ressourcen an. Auch Sprach \u2013 und Stimmkompetenzen, der Umgang mit Lampenfieber im Berufsleben k\u00f6nnen Inhalte des Coachings sein.<\/p>\n\n\n\n<p>Dabei steht die Hilfe zur Selbsthilfe im Vordergrund. Das ist auch ein zeitlicher Prozess. Die Umsetzung der Inhalte braucht die aktive Mitarbeit des Klienten. Diese ist dabei Voraussetzung!<\/p>\n\n\n\n<p>Systemisches Coaching ist keine psychologische Therapie oder Heilbehandlung und kann eine Psychotherapie nicht ersetzen. Der Klient \u00fcbernimmt im privaten wie beruflichen Leben eigenverantwortlich seine Entscheidungen und Handlungen.&nbsp; &nbsp;&nbsp;<\/p>\n\n\n\n<p>Systemisches Coaching ist eine Privatleistung und wird daher nicht von den Krankenkassen \u00fcbernommen.<\/p>\n\n\n\n<p><strong>Honorargeb\u00fchr \/ Ausfallgeb\u00fchr<\/strong><\/p>\n\n\n\n<ul class=\"wp-block-list\">\n<li>Erstgespr\u00e4ch &#8211; 50 Minuten: 80,- Euro&nbsp;<\/li>\n<\/ul>\n\n\n\n<p>(Gesamtsituation besprechen und die Schwerpunktthemen herausfinden)<\/p>\n\n\n\n<ul class=\"wp-block-list\">\n<li>Weitere Einzeltermine &#8211; 50 Minuten: 80,- Euro<\/li>\n<\/ul>\n\n\n\n<details class=\"wp-block-details is-layout-flow wp-block-details-is-layout-flow\"><summary>Mehr zum Honorar&#8230;<\/summary>\n<ul class=\"wp-block-list\">\n<li><em>Die Honorargeb\u00fchr ist jeweils vor der Sitzung, sp\u00e4testens unmittelbar nach der Sitzung in bar zu leisten.<\/em><\/li>\n\n\n\n<li><em>Sie erhalten eine Rechnung\/ Quittung. Es besteht keine Mehrwertsteuerpflicht, und diese wird deswegen auch nicht ausgewiesen.<\/em><\/li>\n\n\n\n<li><em>Es handelt sich um eine Privatleistung und kann daher nicht \u00fcber die Krankenkasse abgerechnet werden.<\/em><\/li>\n\n\n\n<li><em>Ausfallgeb\u00fchr: Terminabsagen des Klienten sind sp\u00e4testens 24 Stunden vorher mitzuteilen, damit der Termin noch vergeben werden kann. Sonst sind die Honorargeb\u00fchren im vollen Umfang zu bezahlen.<\/em><\/li>\n<\/ul>\n<\/details>\n<\/div><\/div>\n","protected":false},"excerpt":{"rendered":"","protected":false},"author":1,"featured_media":0,"parent":0,"menu_order":0,"comment_status":"closed","ping_status":"closed","template":"","meta":{"ocean_post_layout":"","ocean_both_sidebars_style":"","ocean_both_sidebars_content_width":0,"ocean_both_sidebars_sidebars_width":0,"ocean_sidebar":"","ocean_second_sidebar":"","ocean_disable_margins":"enable","ocean_add_body_class":"","ocean_shortcode_before_top_bar":"","ocean_shortcode_after_top_bar":"","ocean_shortcode_before_header":"","ocean_shortcode_after_header":"","ocean_has_shortcode":"","ocean_shortcode_after_title":"","ocean_shortcode_before_footer_widgets":"","ocean_shortcode_after_footer_widgets":"","ocean_shortcode_before_footer_bottom":"","ocean_shortcode_after_footer_bottom":"","ocean_display_top_bar":"default","ocean_display_header":"default","ocean_header_style":"","ocean_center_header_left_menu":"","ocean_custom_header_template":"","ocean_custom_logo":0,"ocean_custom_retina_logo":0,"ocean_custom_logo_max_width":0,"ocean_custom_logo_tablet_max_width":0,"ocean_custom_logo_mobile_max_width":0,"ocean_custom_logo_max_height":0,"ocean_custom_logo_tablet_max_height":0,"ocean_custom_logo_mobile_max_height":0,"ocean_header_custom_menu":"","ocean_menu_typo_font_family":"","ocean_menu_typo_font_subset":"","ocean_menu_typo_font_size":0,"ocean_menu_typo_font_size_tablet":0,"ocean_menu_typo_font_size_mobile":0,"ocean_menu_typo_font_size_unit":"px","ocean_menu_typo_font_weight":"","ocean_menu_typo_font_weight_tablet":"","ocean_menu_typo_font_weight_mobile":"","ocean_menu_typo_transform":"","ocean_menu_typo_transform_tablet":"","ocean_menu_typo_transform_mobile":"","ocean_menu_typo_line_height":0,"ocean_menu_typo_line_height_tablet":0,"ocean_menu_typo_line_height_mobile":0,"ocean_menu_typo_line_height_unit":"","ocean_menu_typo_spacing":0,"ocean_menu_typo_spacing_tablet":0,"ocean_menu_typo_spacing_mobile":0,"ocean_menu_typo_spacing_unit":"","ocean_menu_link_color":"","ocean_menu_link_color_hover":"","ocean_menu_link_color_active":"","ocean_menu_link_background":"","ocean_menu_link_hover_background":"","ocean_menu_link_active_background":"","ocean_menu_social_links_bg":"","ocean_menu_social_hover_links_bg":"","ocean_menu_social_links_color":"","ocean_menu_social_hover_links_color":"","ocean_disable_title":"default","ocean_disable_heading":"default","ocean_post_title":"","ocean_post_subheading":"","ocean_post_title_style":"","ocean_post_title_background_color":"","ocean_post_title_background":0,"ocean_post_title_bg_image_position":"","ocean_post_title_bg_image_attachment":"","ocean_post_title_bg_image_repeat":"","ocean_post_title_bg_image_size":"","ocean_post_title_height":0,"ocean_post_title_bg_overlay":0.5,"ocean_post_title_bg_overlay_color":"","ocean_disable_breadcrumbs":"default","ocean_breadcrumbs_color":"","ocean_breadcrumbs_separator_color":"","ocean_breadcrumbs_links_color":"","ocean_breadcrumbs_links_hover_color":"","ocean_display_footer_widgets":"default","ocean_display_footer_bottom":"default","ocean_custom_footer_template":"","footnotes":""},"class_list":["post-324","page","type-page","status-publish","hentry","entry"],"_links":{"self":[{"href":"http:\/\/libelle-lebensberatung.de\/willkommen\/wp-json\/wp\/v2\/pages\/324","targetHints":{"allow":["GET"]}}],"collection":[{"href":"http:\/\/libelle-lebensberatung.de\/willkommen\/wp-json\/wp\/v2\/pages"}],"about":[{"href":"http:\/\/libelle-lebensberatung.de\/willkommen\/wp-json\/wp\/v2\/types\/page"}],"author":[{"embeddable":true,"href":"http:\/\/libelle-lebensberatung.de\/willkommen\/wp-json\/wp\/v2\/users\/1"}],"replies":[{"embeddable":true,"href":"http:\/\/libelle-lebensberatung.de\/willkommen\/wp-json\/wp\/v2\/comments?post=324"}],"version-history":[{"count":10,"href":"http:\/\/libelle-lebensberatung.de\/willkommen\/wp-json\/wp\/v2\/pages\/324\/revisions"}],"predecessor-version":[{"id":608,"href":"http:\/\/libelle-lebensberatung.de\/willkommen\/wp-json\/wp\/v2\/pages\/324\/revisions\/608"}],"wp:attachment":[{"href":"http:\/\/libelle-lebensberatung.de\/willkommen\/wp-json\/wp\/v2\/media?parent=324"}],"curies":[{"name":"wp","href":"https:\/\/api.w.org\/{rel}","templated":true}]}}