{"id":2,"date":"2024-03-29T15:48:31","date_gmt":"2024-03-29T15:48:31","guid":{"rendered":"http:\/\/libelle-lebensberatung.de\/?page_id=2"},"modified":"2025-02-03T11:14:59","modified_gmt":"2025-02-03T10:14:59","slug":"willkommen","status":"publish","type":"page","link":"https:\/\/libelle-lebensberatung.de\/willkommen\/","title":{"rendered":""},"content":{"rendered":"\n<div class=\"wp-block-group alignfull has-background\" style=\"background-color:#60bea8;font-size:0px\"><div class=\"wp-block-group__inner-container is-layout-constrained wp-block-group-is-layout-constrained\"><div class=\"wp-block-image\">\n<figure class=\"aligncenter size-full is-resized\"><img loading=\"lazy\" decoding=\"async\" width=\"1246\" height=\"800\" src=\"http:\/\/libelle-lebensberatung.de\/wp-content\/uploads\/2024\/04\/Logo-Vorderseite-Padding-ueberall.png\" alt=\"\" class=\"wp-image-501\" style=\"width:500px\" srcset=\"https:\/\/libelle-lebensberatung.de\/wp-content\/uploads\/2024\/04\/Logo-Vorderseite-Padding-ueberall.png 1246w, https:\/\/libelle-lebensberatung.de\/wp-content\/uploads\/2024\/04\/Logo-Vorderseite-Padding-ueberall-300x193.png 300w, https:\/\/libelle-lebensberatung.de\/wp-content\/uploads\/2024\/04\/Logo-Vorderseite-Padding-ueberall-1024x657.png 1024w, https:\/\/libelle-lebensberatung.de\/wp-content\/uploads\/2024\/04\/Logo-Vorderseite-Padding-ueberall-768x493.png 768w\" sizes=\"auto, (max-width: 1246px) 100vw, 1246px\" \/><\/figure>\n<\/div><\/div><\/div>\n\n\n\n<div class=\"wp-block-media-text is-stacked-on-mobile is-vertically-aligned-top\" style=\"grid-template-columns:30% auto\"><figure class=\"wp-block-media-text__media\"><img loading=\"lazy\" decoding=\"async\" width=\"715\" height=\"1024\" src=\"http:\/\/libelle-lebensberatung.de\/wp-content\/uploads\/2024\/04\/image.jpeg\" alt=\"Dieses Bild hat ein leeres Alt-Attribut. Der Dateiname ist Libelle_Foto-715x1024.jpg\" class=\"wp-image-484 size-full\" srcset=\"https:\/\/libelle-lebensberatung.de\/wp-content\/uploads\/2024\/04\/image.jpeg 715w, https:\/\/libelle-lebensberatung.de\/wp-content\/uploads\/2024\/04\/image-209x300.jpeg 209w\" sizes=\"auto, (max-width: 715px) 100vw, 715px\" \/><\/figure><div class=\"wp-block-media-text__content\">\n<p class=\"block-visibility-hide-large-screen block-visibility-hide-medium-screen\"><\/p>\n\n\n\n<h2 class=\"wp-block-heading\">Herzlich willkommen bei Libelle \u2013 Lebensberatung!<\/h2>\n\n\n\n<p>Mit <em>Hilfe<\/em> zur&nbsp;<em>Selbsthilfe <\/em>m\u00f6chte ich Sie auf Ihrem Lebensweg unterst\u00fctzen!<\/p>\n\n\n\n<p>In Familie, Partnerschaft, Beruf, Freundschaften und anderen Lebensthemen kann es zu Situationen kommen, in denen man nicht mehr weiterwei\u00df oder sie ver\u00e4ndern m\u00f6chte. Aber wie?<\/p>\n\n\n\n<p>Unter der oberen Rubrik <a href=\"http:\/\/libelle-lebensberatung.de\/beratung\/\" data-type=\"page\" data-id=\"322\">psychologische Beratung<\/a> und f\u00fcr berufliche Anliegen unter <a href=\"http:\/\/libelle-lebensberatung.de\/coaching\/\" data-type=\"page\" data-id=\"324\">systemisches Coaching<\/a> erhalten Sie mehr Informationen.<\/p>\n\n\n\n<p>Einen Schwerpunkt biete ich f\u00fcr Eltern mit dem <a href=\"http:\/\/libelle-lebensberatung.de\/elterntraining\/\" data-type=\"page\" data-id=\"326\">Elternf\u00fchrerschein <\/a>an.<\/p>\n\n\n\n<p>Hier k\u00f6nnen Eltern durch ein modulares Training ein \u201eHandwerkszeug\u201c erlernen, um zu verstehen, wie z.B. Situationen und Konflikte mit dem Kind sinnvoll gel\u00f6st oder vermieden werden k\u00f6nnen.<\/p>\n\n\n\n<h2 class=\"wp-block-heading\" id=\"block-cd0f7969-56bd-43ad-b8c5-8394d9f7e9d6\">Zu mir pers\u00f6nlich<\/h2>\n\n\n\n<p>Viele Jahre arbeite ich schon selbstst\u00e4ndig als P\u00e4dagogin. \u00dcber 9 Jahre habe ich in einer Kinder- und Jugendpsychiatrischen Praxis gearbeitet. Dort konnte ich als therapeutisch-p\u00e4dagogische Mitarbeiterin Kinder und Jugendliche durch Musiktherapie unterst\u00fctzen. Verzweifelte Eltern konnte ich mit dem Elterntraining ermutigen und ihnen neue Wege aufzeigen.<\/p>\n\n\n\n<p>Unterschiedliche therapeutische und psychologische Interventionen aus westlicher und buddhistischer Psychologie pr\u00e4gen meine Arbeit.<\/p>\n\n\n\n<p>Gerne unterst\u00fctze ich Sie in Ihrem Anliegen! Sie k\u00f6nnen mir vorab gerne eine <a href=\"mailto:kontakt@libelle-lebensberatung.de\">E-Mail<\/a> zusenden oder mit mir unverbindlich telefonieren.<\/p>\n\n\n\n<p class=\"has-text-color has-link-color wp-elements-943da0d7ba929044169532e5553d19b8\" style=\"color:#009880\"><strong>Libena Karsch<\/strong><\/p>\n<\/div><\/div>\n\n\n\n<h2 class=\"wp-block-heading\">Ausbildungen und T\u00e4tigkeit<\/h2>\n\n\n\n<p>2014 &#8211; 2024  Musiktherapeutin in Facharztpraxis f\u00fcr Kinder &#8211; und Jugendpsychiatrie Dr. Susanne Goering<\/p>\n\n\n\n<p>2017  Heilpraktikerschule f\u00fcr Psychotherapie Amara Braunschweig<\/p>\n\n\n\n<p>2017 Pers\u00f6nlichkeitsentwicklung und Stressbew\u00e4ltigung in Beruf und Alltag im Zentrum Buddhas Weg Wald &#8211; Michelbach<\/p>\n\n\n\n<p>2018 Ausbildung in klientenzentrierter Gespr\u00e4chstherapie und Gespr\u00e4chspsychotherapie nach C.Rogers<\/p>\n\n\n\n<p>2020\u00a0EMDR Basisausbildung Bereich Coaching<\/p>\n\n\n\n<p>2020 &#8211; 2024 Elterntraining \/ Coaching in Facharztpraxis f\u00fcr Kinder &#8211; und Jugendpsychiatrie Dr. Susanne Goering<\/p>\n\n\n\n<p>2023 Ausbildung zur Fachkraft f\u00fcr unterst\u00fctzende Kommunikation UK<\/p>\n\n\n<div class=\"wp-block-image\">\n<figure class=\"aligncenter size-full is-resized\"><img loading=\"lazy\" decoding=\"async\" width=\"512\" height=\"512\" src=\"http:\/\/libelle-lebensberatung.de\/wp-content\/uploads\/2024\/04\/cropped-Icon-2.png\" alt=\"\" class=\"wp-image-315\" style=\"width:169px;height:auto\" srcset=\"https:\/\/libelle-lebensberatung.de\/wp-content\/uploads\/2024\/04\/cropped-Icon-2.png 512w, https:\/\/libelle-lebensberatung.de\/wp-content\/uploads\/2024\/04\/cropped-Icon-2-300x300.png 300w, https:\/\/libelle-lebensberatung.de\/wp-content\/uploads\/2024\/04\/cropped-Icon-2-150x150.png 150w, https:\/\/libelle-lebensberatung.de\/wp-content\/uploads\/2024\/04\/cropped-Icon-2-270x270.png 270w, https:\/\/libelle-lebensberatung.de\/wp-content\/uploads\/2024\/04\/cropped-Icon-2-192x192.png 192w, https:\/\/libelle-lebensberatung.de\/wp-content\/uploads\/2024\/04\/cropped-Icon-2-180x180.png 180w, https:\/\/libelle-lebensberatung.de\/wp-content\/uploads\/2024\/04\/cropped-Icon-2-32x32.png 32w\" sizes=\"auto, (max-width: 512px) 100vw, 512px\" \/><\/figure>\n<\/div>\n\n\n<p class=\"has-text-align-center\">\u00dcbrigens: <strong>Libelle \u2013 Lebensberatung<\/strong> bedeutet auch:<\/p>\n\n\n\n<div class=\"wp-block-columns are-vertically-aligned-top is-layout-flex wp-container-core-columns-is-layout-9d6595d7 wp-block-columns-is-layout-flex\">\n<div class=\"wp-block-column is-vertically-aligned-top is-layout-flow wp-block-column-is-layout-flow\">\n<blockquote class=\"wp-block-quote is-layout-flow wp-block-quote-is-layout-flow\">\n<p><strong>L<\/strong>ebensfreude<\/p>\n\n\n\n<p><strong>I<\/strong>mpulse<\/p>\n\n\n\n<p><strong>B<\/strong>ereitschaft<\/p>\n\n\n\n<p><strong>E<\/strong>ntscheidung<\/p>\n\n\n\n<p><strong>L<\/strong>\u00f6sungen<\/p>\n\n\n\n<p><strong>L<\/strong>oslassen<\/p>\n\n\n\n<p><strong>E<\/strong>nergie<\/p>\n<\/blockquote>\n<\/div>\n\n\n\n<div class=\"wp-block-column is-vertically-aligned-top is-layout-flow wp-block-column-is-layout-flow\">\n<blockquote class=\"wp-block-quote is-layout-flow wp-block-quote-is-layout-flow\">\n<p><strong>L<\/strong>eichtigkeit<\/p>\n\n\n\n<p><strong>I<\/strong>nformation<\/p>\n\n\n\n<p><strong>B<\/strong>eobachten<\/p>\n\n\n\n<p><strong>E<\/strong>ssenziell<\/p>\n\n\n\n<p><strong>L<\/strong>eben<\/p>\n\n\n\n<p><strong>L<\/strong>ernen<\/p>\n\n\n\n<p><strong>E<\/strong>benb\u00fcrtigkeit<\/p>\n<\/blockquote>\n<\/div>\n\n\n\n<div class=\"wp-block-column is-vertically-aligned-top is-layout-flow wp-block-column-is-layout-flow\">\n<blockquote class=\"wp-block-quote is-layout-flow wp-block-quote-is-layout-flow\">\n<p><strong>L<\/strong>achen<\/p>\n\n\n\n<p><strong>I<\/strong>ntegration<\/p>\n\n\n\n<p class=\"has-text-align-left\"><strong>B<\/strong>ewusstsein<\/p>\n\n\n\n<p><strong>E<\/strong>rgebnis<\/p>\n\n\n\n<p><strong>L<\/strong>oben<\/p>\n\n\n\n<p><strong>L<\/strong>ust<\/p>\n\n\n\n<p><strong>E<\/strong>rfahrung<\/p>\n<\/blockquote>\n<\/div>\n<\/div>\n\n\n\n<p><\/p>\n\n\n\n<p><\/p>\n\n\n\n<p><\/p>\n","protected":false},"excerpt":{"rendered":"<p>Herzlich willkommen bei Libelle \u2013 Lebensberatung! Mit Hilfe zur&nbsp;Selbsthilfe m\u00f6chte ich Sie auf Ihrem Lebensweg unterst\u00fctzen! In Familie, Partnerschaft, Beruf, Freundschaften und anderen Lebensthemen kann es zu Situationen kommen, in denen man nicht mehr weiterwei\u00df oder sie ver\u00e4ndern m\u00f6chte. Aber wie? Unter der oberen Rubrik psychologische Beratung und f\u00fcr berufliche Anliegen unter systemisches Coaching erhalten [&hellip;]<\/p>\n","protected":false},"author":1,"featured_media":0,"parent":0,"menu_order":0,"comment_status":"closed","ping_status":"open","template":"","meta":{"ocean_post_layout":"","ocean_both_sidebars_style":"","ocean_both_sidebars_content_width":0,"ocean_both_sidebars_sidebars_width":0,"ocean_sidebar":"","ocean_second_sidebar":"","ocean_disable_margins":"enable","ocean_add_body_class":"","ocean_shortcode_before_top_bar":"","ocean_shortcode_after_top_bar":"","ocean_shortcode_before_header":"","ocean_shortcode_after_header":"","ocean_has_shortcode":"","ocean_shortcode_after_title":"","ocean_shortcode_before_footer_widgets":"","ocean_shortcode_after_footer_widgets":"","ocean_shortcode_before_footer_bottom":"","ocean_shortcode_after_footer_bottom":"","ocean_display_top_bar":"default","ocean_display_header":"default","ocean_header_style":"","ocean_center_header_left_menu":"","ocean_custom_header_template":"","ocean_custom_logo":0,"ocean_custom_retina_logo":0,"ocean_custom_logo_max_width":0,"ocean_custom_logo_tablet_max_width":0,"ocean_custom_logo_mobile_max_width":0,"ocean_custom_logo_max_height":0,"ocean_custom_logo_tablet_max_height":0,"ocean_custom_logo_mobile_max_height":0,"ocean_header_custom_menu":"","ocean_menu_typo_font_family":"","ocean_menu_typo_font_subset":"","ocean_menu_typo_font_size":0,"ocean_menu_typo_font_size_tablet":0,"ocean_menu_typo_font_size_mobile":0,"ocean_menu_typo_font_size_unit":"px","ocean_menu_typo_font_weight":"","ocean_menu_typo_font_weight_tablet":"","ocean_menu_typo_font_weight_mobile":"","ocean_menu_typo_transform":"","ocean_menu_typo_transform_tablet":"","ocean_menu_typo_transform_mobile":"","ocean_menu_typo_line_height":0,"ocean_menu_typo_line_height_tablet":0,"ocean_menu_typo_line_height_mobile":0,"ocean_menu_typo_line_height_unit":"","ocean_menu_typo_spacing":0,"ocean_menu_typo_spacing_tablet":0,"ocean_menu_typo_spacing_mobile":0,"ocean_menu_typo_spacing_unit":"","ocean_menu_link_color":"","ocean_menu_link_color_hover":"","ocean_menu_link_color_active":"","ocean_menu_link_background":"","ocean_menu_link_hover_background":"","ocean_menu_link_active_background":"","ocean_menu_social_links_bg":"","ocean_menu_social_hover_links_bg":"","ocean_menu_social_links_color":"","ocean_menu_social_hover_links_color":"","ocean_disable_title":"on","ocean_disable_heading":"default","ocean_post_title":"","ocean_post_subheading":"","ocean_post_title_style":"","ocean_post_title_background_color":"","ocean_post_title_background":0,"ocean_post_title_bg_image_position":"","ocean_post_title_bg_image_attachment":"","ocean_post_title_bg_image_repeat":"","ocean_post_title_bg_image_size":"","ocean_post_title_height":0,"ocean_post_title_bg_overlay":0.5,"ocean_post_title_bg_overlay_color":"","ocean_disable_breadcrumbs":"default","ocean_breadcrumbs_color":"","ocean_breadcrumbs_separator_color":"","ocean_breadcrumbs_links_color":"","ocean_breadcrumbs_links_hover_color":"","ocean_display_footer_widgets":"default","ocean_display_footer_bottom":"default","ocean_custom_footer_template":"","footnotes":""},"class_list":["post-2","page","type-page","status-publish","hentry","entry"],"_links":{"self":[{"href":"https:\/\/libelle-lebensberatung.de\/willkommen\/wp-json\/wp\/v2\/pages\/2","targetHints":{"allow":["GET"]}}],"collection":[{"href":"https:\/\/libelle-lebensberatung.de\/willkommen\/wp-json\/wp\/v2\/pages"}],"about":[{"href":"https:\/\/libelle-lebensberatung.de\/willkommen\/wp-json\/wp\/v2\/types\/page"}],"author":[{"embeddable":true,"href":"https:\/\/libelle-lebensberatung.de\/willkommen\/wp-json\/wp\/v2\/users\/1"}],"replies":[{"embeddable":true,"href":"https:\/\/libelle-lebensberatung.de\/willkommen\/wp-json\/wp\/v2\/comments?post=2"}],"version-history":[{"count":10,"href":"https:\/\/libelle-lebensberatung.de\/willkommen\/wp-json\/wp\/v2\/pages\/2\/revisions"}],"predecessor-version":[{"id":624,"href":"https:\/\/libelle-lebensberatung.de\/willkommen\/wp-json\/wp\/v2\/pages\/2\/revisions\/624"}],"wp:attachment":[{"href":"https:\/\/libelle-lebensberatung.de\/willkommen\/wp-json\/wp\/v2\/media?parent=2"}],"curies":[{"name":"wp","href":"https:\/\/api.w.org\/{rel}","templated":true}]}}